{"id":408,"date":"2022-06-24T15:34:31","date_gmt":"2022-06-24T13:34:31","guid":{"rendered":"https:\/\/agap2.com\/swiss\/?page_id=404"},"modified":"2022-09-21T15:24:44","modified_gmt":"2022-09-21T13:24:44","slug":"candidature-spontanee","status":"publish","type":"page","link":"https:\/\/agap2.com\/swiss\/candidature-spontanee\/","title":{"rendered":"Candidature spontan\u00e9e"},"content":{"rendered":"<h2>Vous ne trouvez pas ce que vous cherchez<br \/>\ndans <span class=\"text-secondary\">nos offres d&#8217;emploi ?<\/span><\/h2>\n<h4>Nous sommes toujours \u00e0 la recherche de personnes talentueuses, d\u00e9sireuses d&rsquo;apprendre, ouvertes d&rsquo;esprit et dynamiques pour renforcer nos \u00e9quipes.<\/h4>\n<p>Chez agap2, nous recrutons plus que des comp\u00e9tences techniques, alors n&rsquo;h\u00e9sitez pas \u00e0 nous envoyer votre candidature spontan\u00e9e, nous l&rsquo;\u00e9tudierons avec la plus grande attention, comme nous le faisons pour toutes les candidatures que nous recevons.<\/p>\n<h3><strong><span class=\"text-secondary\">Nous rejoindre, c&rsquo;est&#8230;<\/span><span class=\"text-primary\">\u2026<\/span><\/strong><\/h3>\n<ul>\n<li><strong>Evoluer r\u00e9guli\u00e8rement<\/strong> sur de nouveaux projets, d\u00e9couvrir de nouveaux m\u00e9tiers et secteurs, travailler \u00e0 l&rsquo;international, acc\u00e9der rapidement \u00e0 des postes \u00e0 responsabilit\u00e9s&#8230;<\/li>\n<li><strong>\u00catre acteur<\/strong> du d\u00e9veloppement de l&rsquo;entreprise : identifier des opportunit\u00e9s, organiser des \u00e9v\u00e9nements, recruter de nouveaux collaborateurs&#8230;<\/li>\n<li><strong>Rejoindre l&rsquo;aventure agap2<\/strong>, \u00e7a ne se raconte pas, \u00e7a se vit au quotidien dans nos agences et lors des nombreux \u00e9v\u00e9nements organis\u00e9s chaque mois !<\/li>\n<\/ul>\n<h3><strong><span class=\"text-secondary\">Envoyez-nous votre candidature spontan\u00e9e <span class=\"text-primary\">!<\/span><\/span><\/strong><\/h3>\n<script type=\"text\/javascript\">\n\/* <![CDATA[ *\/\nvar gform;gform||(document.addEventListener(\"gform_main_scripts_loaded\",function(){gform.scriptsLoaded=!0}),document.addEventListener(\"gform\/theme\/scripts_loaded\",function(){gform.themeScriptsLoaded=!0}),window.addEventListener(\"DOMContentLoaded\",function(){gform.domLoaded=!0}),gform={domLoaded:!1,scriptsLoaded:!1,themeScriptsLoaded:!1,isFormEditor:()=>\"function\"==typeof InitializeEditor,callIfLoaded:function(o){return!(!gform.domLoaded||!gform.scriptsLoaded||!gform.themeScriptsLoaded&&!gform.isFormEditor()||(gform.isFormEditor()&&console.warn(\"The use of gform.initializeOnLoaded() is deprecated in the form editor context and will be removed in Gravity Forms 3.1.\"),o(),0))},initializeOnLoaded:function(o){gform.callIfLoaded(o)||(document.addEventListener(\"gform_main_scripts_loaded\",()=>{gform.scriptsLoaded=!0,gform.callIfLoaded(o)}),document.addEventListener(\"gform\/theme\/scripts_loaded\",()=>{gform.themeScriptsLoaded=!0,gform.callIfLoaded(o)}),window.addEventListener(\"DOMContentLoaded\",()=>{gform.domLoaded=!0,gform.callIfLoaded(o)}))},hooks:{action:{},filter:{}},addAction:function(o,r,e,t){gform.addHook(\"action\",o,r,e,t)},addFilter:function(o,r,e,t){gform.addHook(\"filter\",o,r,e,t)},doAction:function(o){gform.doHook(\"action\",o,arguments)},applyFilters:function(o){return gform.doHook(\"filter\",o,arguments)},removeAction:function(o,r){gform.removeHook(\"action\",o,r)},removeFilter:function(o,r,e){gform.removeHook(\"filter\",o,r,e)},addHook:function(o,r,e,t,n){null==gform.hooks[o][r]&&(gform.hooks[o][r]=[]);var d=gform.hooks[o][r];null==n&&(n=r+\"_\"+d.length),gform.hooks[o][r].push({tag:n,callable:e,priority:t=null==t?10:t})},doHook:function(r,o,e){var t;if(e=Array.prototype.slice.call(e,1),null!=gform.hooks[r][o]&&((o=gform.hooks[r][o]).sort(function(o,r){return o.priority-r.priority}),o.forEach(function(o){\"function\"!=typeof(t=o.callable)&&(t=window[t]),\"action\"==r?t.apply(null,e):e[0]=t.apply(null,e)})),\"filter\"==r)return e[0]},removeHook:function(o,r,t,n){var e;null!=gform.hooks[o][r]&&(e=(e=gform.hooks[o][r]).filter(function(o,r,e){return!!(null!=n&&n!=o.tag||null!=t&&t!=o.priority)}),gform.hooks[o][r]=e)}});\n\/* ]]> *\/\n<\/script>\n\n                <div class='gf_browser_gecko gform_wrapper gravity-theme gform-theme--no-framework' data-form-theme='gravity-theme' data-form-index='0' id='gform_wrapper_2' >\n                        <div class='gform_heading'>\n                            <p class='gform_description'><\/p>\n\t\t\t\t\t\t\t<p class='gform_required_legend'>\u00ab\u00a0<span class=\"gfield_required gfield_required_asterisk\">*<\/span>\u00a0\u00bb indique les champs n\u00e9cessaires<\/p>\n                        <\/div><form method='post' enctype='multipart\/form-data'  id='gform_2'  action='\/swiss\/wp-json\/wp\/v2\/pages\/408\/' data-formid='2' novalidate>\n                        <div class='gform-body gform_body'><div id='gform_fields_2' class='gform_fields top_label form_sublabel_below description_below validation_below'><div id=\"field_2_11\" class=\"gfield gfield--type-honeypot gform_validation_container field_sublabel_below gfield--has-description field_description_below field_validation_below gfield_visibility_visible\"  ><!DOCTYPE html PUBLIC \"-\/\/W3C\/\/DTD HTML 4.0 Transitional\/\/EN\" \"http:\/\/www.w3.org\/TR\/REC-html40\/loose.dtd\">\n<?xml encoding=\"utf-8\" ?><html><body><label class=\" gfield_label gform-field-label\" for=\"input_2_11\">Phone<\/label><div class=\"ginput_container\"><input name=\"input_11\" id=\"input_2_11\" type=\"text\" value=\"\" autocomplete=\"new-password\"><\/div><div class=\"gfield_description \" id=\"gfield_description_2_11\">Ce champ n&rsquo;est utilis&eacute; qu&rsquo;&agrave; des fins de validation et devrait rester inchang&eacute;.<\/div><\/body><\/html>\n<\/div><div id=\"field_2_8\" class=\"gfield gfield--type-select gfield--input-type-select gfield--width-full gfield_contains_required field_sublabel_below gfield--no-description field_description_below field_validation_below gfield_visibility_visible\"  ><!DOCTYPE html PUBLIC \"-\/\/W3C\/\/DTD HTML 4.0 Transitional\/\/EN\" \"http:\/\/www.w3.org\/TR\/REC-html40\/loose.dtd\">\n<?xml encoding=\"utf-8\" ?><html><body><label class=\"form-label gfield_label gform-field-label\" for=\"input_2_8\">Agence<span class=\"gfield_required\"><span class=\"gfield_required gfield_required_asterisk\">*<\/span><\/span><\/label><div class=\"ginput_container ginput_container_select\"><select name=\"input_8\" id=\"input_2_8\" class=\"large gfield_select form-select\" aria-required=\"true\" aria-invalid=\"false\" required=\"required\"><option value=\"B&acirc;le\">B&acirc;le<\/option><option value=\"Lausanne\">Lausanne<\/option><option value=\"Zurich\">Zurich<\/option><option value=\"Toutes\">Toutes<\/option><\/select><\/div><\/body><\/html>\n<\/div><fieldset id=\"field_2_1\" class=\"gfield gfield--type-name gfield--input-type-name gfield_contains_required field_sublabel_below gfield--no-description field_description_below field_validation_below gfield_visibility_visible\"  ><!DOCTYPE html PUBLIC \"-\/\/W3C\/\/DTD HTML 4.0 Transitional\/\/EN\" \"http:\/\/www.w3.org\/TR\/REC-html40\/loose.dtd\">\n<?xml encoding=\"utf-8\" ?><html><body><legend class=\"gfield_label gform-field-label gfield_label_before_complex\">Nom<span class=\"gfield_required\"><span class=\"gfield_required gfield_required_asterisk\">*<\/span><\/span><\/legend><div class=\"ginput_complex ginput_container ginput_container--name no_prefix has_first_name no_middle_name has_last_name no_suffix gf_name_has_2 ginput_container_name gform-grid-row\" id=\"input_2_1\">\n                            \n                            <span id=\"input_2_1_3_container\" class=\"name_first gform-grid-col gform-grid-col--size-auto\">\n                                                    <input type=\"text\" name=\"input_1.3\" id=\"input_2_1_3\" value=\"\" aria-required=\"true\" class=\" form-control\" required=\"required\">\n                                                    <label for=\"input_2_1_3\" class=\"form-label gform-field-label gform-field-label--type-sub \">Pr&eacute;nom<\/label>\n                                                <\/span>\n                            \n                            <span id=\"input_2_1_6_container\" class=\"name_last gform-grid-col gform-grid-col--size-auto\">\n                                                    <input type=\"text\" name=\"input_1.6\" id=\"input_2_1_6\" value=\"\" aria-required=\"true\" class=\" form-control\" required=\"required\">\n                                                    <label for=\"input_2_1_6\" class=\"form-label gform-field-label gform-field-label--type-sub \">Nom<\/label>\n                                                <\/span>\n                            \n                        <\/div><\/body><\/html>\n<\/fieldset><div id=\"field_2_2\" class=\"gfield gfield--type-email gfield--input-type-email gfield--width-half gfield_contains_required field_sublabel_below gfield--no-description field_description_below field_validation_below gfield_visibility_visible\"  ><!DOCTYPE html PUBLIC \"-\/\/W3C\/\/DTD HTML 4.0 Transitional\/\/EN\" \"http:\/\/www.w3.org\/TR\/REC-html40\/loose.dtd\">\n<?xml encoding=\"utf-8\" ?><html><body><label class=\"form-label gfield_label gform-field-label\" for=\"input_2_2\">E-mail<span class=\"gfield_required\"><span class=\"gfield_required gfield_required_asterisk\">*<\/span><\/span><\/label><div class=\"ginput_container ginput_container_email\">\n                            <input name=\"input_2\" id=\"input_2_2\" type=\"email\" value=\"\" class=\"large form-control\" aria-required=\"true\" aria-invalid=\"false\" required=\"required\">\n                        <\/div><\/body><\/html>\n<\/div><div id=\"field_2_5\" class=\"gfield gfield--type-phone gfield--input-type-phone gfield--width-half field_sublabel_below gfield--no-description field_description_below field_validation_below gfield_visibility_visible\"  ><!DOCTYPE html PUBLIC \"-\/\/W3C\/\/DTD HTML 4.0 Transitional\/\/EN\" \"http:\/\/www.w3.org\/TR\/REC-html40\/loose.dtd\">\n<?xml encoding=\"utf-8\" ?><html><body><label class=\"form-label gfield_label gform-field-label\" for=\"input_2_5\">T&eacute;l&eacute;phone<\/label><div class=\"ginput_container ginput_container_phone\"><input name=\"input_5\" id=\"input_2_5\" type=\"tel\" value=\"\" class=\"large form-control\" aria-invalid=\"false\"><\/div><\/body><\/html>\n<\/div><div id=\"field_2_3\" class=\"gfield gfield--type-textarea gfield--input-type-textarea gfield_contains_required field_sublabel_below gfield--no-description field_description_below field_validation_below gfield_visibility_visible\"  ><!DOCTYPE html PUBLIC \"-\/\/W3C\/\/DTD HTML 4.0 Transitional\/\/EN\" \"http:\/\/www.w3.org\/TR\/REC-html40\/loose.dtd\">\n<?xml encoding=\"utf-8\" ?><html><body><label class=\"form-label gfield_label gform-field-label\" for=\"input_2_3\">Pourquoi postulez-vous ?<span class=\"gfield_required\"><span class=\"gfield_required gfield_required_asterisk\">*<\/span><\/span><\/label><div class=\"ginput_container ginput_container_textarea\"><textarea name=\"input_3\" id=\"input_2_3\" class=\"textarea large form-control\" aria-required=\"true\" aria-invalid=\"false\" rows=\"10\" cols=\"50\" required=\"required\"><\/textarea><\/div><\/body><\/html>\n<\/div><div id=\"field_2_6\" class=\"gfield gfield--type-fileupload gfield--input-type-fileupload gfield--width-full gfield_contains_required field_sublabel_below gfield--no-description field_description_below field_validation_below gfield_visibility_visible\"  ><!DOCTYPE html PUBLIC \"-\/\/W3C\/\/DTD HTML 4.0 Transitional\/\/EN\" \"http:\/\/www.w3.org\/TR\/REC-html40\/loose.dtd\">\n<?xml encoding=\"utf-8\" ?><html><body><label class=\" gfield_label gform-field-label\" for=\"gform_browse_button_2_6\">Ajoutez votre CV<span class=\"gfield_required\"><span class=\"gfield_required gfield_required_asterisk\">*<\/span><\/span><\/label><div class=\"ginput_container ginput_container_fileupload\"><div id=\"gform_multifile_upload_2_6\" data-settings='{\"runtimes\":\"html5,flash,html4\",\"browse_button\":\"gform_browse_button_2_6\",\"container\":\"gform_multifile_upload_2_6\",\"drop_element\":\"gform_drag_drop_area_2_6\",\"filelist\":\"gform_preview_2_6\",\"unique_names\":true,\"file_data_name\":\"file\",\"url\":\"https:\\\/\\\/agap2.com\\\/swiss\\\/?gf_page=ab4859ddb9e00c8\",\"flash_swf_url\":\"https:\\\/\\\/agap2.com\\\/swiss\\\/wp-includes\\\/js\\\/plupload\\\/plupload.flash.swf\",\"silverlight_xap_url\":\"https:\\\/\\\/agap2.com\\\/swiss\\\/wp-includes\\\/js\\\/plupload\\\/plupload.silverlight.xap\",\"filters\":{\"mime_types\":[{\"title\":\"Fichiers autoris\\u00e9s\",\"extensions\":\"pdf,doc,docx,odt\"}],\"max_file_size\":\"25165824b\"},\"multipart\":true,\"urlstream_upload\":false,\"multipart_params\":{\"form_id\":2,\"field_id\":6,\"_gform_file_upload_nonce_2_6\":\"9bd97556ca\"},\"gf_vars\":{\"max_files\":0,\"message_id\":\"gform_multifile_messages_2_6\",\"disallowed_extensions\":[\"php\",\"asp\",\"aspx\",\"cmd\",\"csh\",\"bat\",\"html\",\"htm\",\"hta\",\"jar\",\"exe\",\"com\",\"js\",\"lnk\",\"htaccess\",\"phar\",\"phtml\",\"ps1\",\"ps2\",\"php3\",\"php4\",\"php5\",\"php6\",\"py\",\"rb\",\"tmp\"]}}' class=\"gform_fileupload_multifile\">\n\t\t\t\t\t\t\t\t\t\t<div id=\"gform_drag_drop_area_2_6\" class=\"gform_drop_area gform-theme-field-control\">\n\t\t\t\t\t\t\t\t\t\t\t<span class=\"gform_drop_instructions\">D&eacute;posez les fichiers ici ou <\/span>\n\t\t\t\t\t\t\t\t\t\t\t<button type=\"button\" id=\"gform_browse_button_2_6\" class=\"button gform_button_select_files gform-theme-button gform-theme-button--control\" aria-describedby=\"gfield_upload_rules_2_6\">S&eacute;lectionnez des fichiers<\/button>\n\t\t\t\t\t\t\t\t\t\t<\/div>\n\t\t\t\t\t\t\t\t\t<\/div><span class=\"gfield_description gform_fileupload_rules\" id=\"gfield_upload_rules_2_6\">Types de fichiers accept&eacute;s&nbsp;: pdf, doc, docx, odt, Taille max. des fichiers&nbsp;: 24 MB.<\/span><ul class=\"validation_message--hidden-on-empty gform-ul-reset\" id=\"gform_multifile_messages_2_6\"><\/ul> <div id=\"gform_preview_2_6\" class=\"ginput_preview_list\"><\/div><\/div><\/body><\/html>\n<\/div><fieldset id=\"field_2_4\" class=\"gfield gfield--type-consent gfield--type-choice gfield--input-type-consent gfield_contains_required field_sublabel_below gfield--no-description field_description_below hidden_label field_validation_below gfield_visibility_visible\"  ><!DOCTYPE html PUBLIC \"-\/\/W3C\/\/DTD HTML 4.0 Transitional\/\/EN\" \"http:\/\/www.w3.org\/TR\/REC-html40\/loose.dtd\">\n<?xml encoding=\"utf-8\" ?><html><body><legend class=\"gfield_label gform-field-label gfield_label_before_complex\">Consent<span class=\"gfield_required\"><span class=\"gfield_required gfield_required_asterisk\">*<\/span><\/span><\/legend><div class=\"ginput_container ginput_container_consent\"><input name=\"input_4.1\" id=\"input_2_4_1\" type=\"checkbox\" value=\"1\" aria-required=\"true\" aria-invalid=\"false\" class=\" form-check-input\" required=\"required\"> <label class=\"form-check-label gform-field-label gform-field-label--type-inline gfield_consent_label\" for=\"input_2_4_1\">J'accepte la <a href=\"https:\/\/agap2.com\/swiss\/privacy-policy\/\">politique de confidentialit&eacute;<\/a>.<span class=\"gfield_required gfield_required_asterisk\">*<\/span><\/label><input type=\"hidden\" name=\"input_4.2\" value=\"J'accepte la &lt;a href=&quot;https:\/\/agap2.com\/swiss\/privacy-policy\/&quot;&gt;politique de confidentialit&eacute;&lt;\/a&gt;.\" class=\"gform_hidden form-check-input\" required=\"required\"><input type=\"hidden\" name=\"input_4.3\" value=\"1\" class=\"gform_hidden form-check-input\" required=\"required\"><\/div><\/body><\/html>\n<\/fieldset><div id=\"field_2_10\" class=\"gfield gfield--type-turnstile gfield--input-type-turnstile gfield--width-full field_sublabel_below gfield--no-description field_description_below field_validation_below gfield_visibility_visible\"  ><!DOCTYPE html PUBLIC \"-\/\/W3C\/\/DTD HTML 4.0 Transitional\/\/EN\" \"http:\/\/www.w3.org\/TR\/REC-html40\/loose.dtd\">\n<?xml encoding=\"utf-8\" ?><html><body><div class=\"ginput_container ginput_container_turnstile\"><div class=\"cf-turnstile\" id=\"cf-turnstile_2\" data-js-turnstile data-response-field-name=\"cf-turnstile-response_2\" data-theme=\"auto\" data-size=\"\" data-sitekey=\"0x4AAAAAACIaU1Wjtpzu6nRK\"><\/div><\/div><\/body><\/html>\n<\/div><\/div><\/div>\n        <div class='gform-footer gform_footer top_label'> <button type=\"submit\" id=\"gform_submit_button_2\" class=\"gform_button button d-flex justify-content-center mx-auto btn btn-primary mt-5\" onclick=\"gform.submission.handleButtonClick(this);\" data-submission-type=\"submit\">Envoyer<\/button> \n            <input type='hidden' class='gform_hidden' name='gform_submission_method' data-js='gform_submission_method_2' value='postback' \/>\n            <input type='hidden' class='gform_hidden' name='gform_theme' data-js='gform_theme_2' id='gform_theme_2' value='gravity-theme' \/>\n            <input type='hidden' class='gform_hidden' name='gform_style_settings' data-js='gform_style_settings_2' id='gform_style_settings_2' value='[]' \/>\n            <input type='hidden' class='gform_hidden' name='is_submit_2' value='1' \/>\n            <input type='hidden' class='gform_hidden' name='gform_submit' value='2' \/>\n            \n            <input type='hidden' class='gform_hidden' name='gform_currency' data-currency='EUR' value='EdvyBRFo99r08Pk5D3W5p1VJ7TNJT+\/zIYiqK0Iwk8wcku1\/1g+UYc07IFLWpM7bnzp5FsDQzp7Df81lEPwvY8WLiVKW7u5DzInKuPWSFV\/jcnI=' \/>\n            <input type='hidden' class='gform_hidden' name='gform_unique_id' value='' \/>\n            <input type='hidden' class='gform_hidden' name='state_2' value='WyJ7XCI0LjFcIjpcIjA3MzRmNGFkY2VhNzlmZDYxODc1ODY1ZWJhOTYyOTc1XCIsXCI0LjJcIjpcImFiN2ZiYjlmYzk5MTc2N2JhNjc0YzA2NmM0OWI0MWM4XCIsXCI0LjNcIjpcIjA3MzRmNGFkY2VhNzlmZDYxODc1ODY1ZWJhOTYyOTc1XCJ9IiwiYjdjNmI0MDI4Mzg1YWY4NDkzZDhmNzU1MjVjZjcyZTIiXQ==' \/>\n            <input type='hidden' autocomplete='off' class='gform_hidden' name='gform_target_page_number_2' id='gform_target_page_number_2' value='0' \/>\n            <input type='hidden' autocomplete='off' class='gform_hidden' name='gform_source_page_number_2' id='gform_source_page_number_2' value='1' \/>\n            <input type='hidden' name='gform_field_values' value='' \/>\n            <input type='hidden' name='gform_uploaded_files' id='gform_uploaded_files_2' value='' \/>\n        <\/div>\n                        <\/form>\n                        <\/div><script type=\"text\/javascript\">\n\/* <![CDATA[ *\/\n gform.initializeOnLoaded( function() {gformInitSpinner( 2, 'https:\/\/agap2.com\/swiss\/wp-content\/plugins\/gravityforms\/images\/spinner.svg', true );jQuery('#gform_ajax_frame_2').on('load',function(){var contents = jQuery(this).contents().find('*').html();var is_postback = contents.indexOf('GF_AJAX_POSTBACK') >= 0;if(!is_postback){return;}var form_content = jQuery(this).contents().find('#gform_wrapper_2');var is_confirmation = jQuery(this).contents().find('#gform_confirmation_wrapper_2').length > 0;var is_redirect = contents.indexOf('gformRedirect(){') >= 0;var is_form = form_content.length > 0 && ! is_redirect && ! is_confirmation;var mt = parseInt(jQuery('html').css('margin-top'), 10) + parseInt(jQuery('body').css('margin-top'), 10) + 100;if(is_form){jQuery('#gform_wrapper_2').html(form_content.html());if(form_content.hasClass('gform_validation_error')){jQuery('#gform_wrapper_2').addClass('gform_validation_error');} else {jQuery('#gform_wrapper_2').removeClass('gform_validation_error');}setTimeout( function() { \/* delay the scroll by 50 milliseconds to fix a bug in chrome *\/  }, 50 );if(window['gformInitDatepicker']) {gformInitDatepicker();}if(window['gformInitPriceFields']) {gformInitPriceFields();}var current_page = jQuery('#gform_source_page_number_2').val();gformInitSpinner( 2, 'https:\/\/agap2.com\/swiss\/wp-content\/plugins\/gravityforms\/images\/spinner.svg', true );jQuery(document).trigger('gform_page_loaded', [2, current_page]);window['gf_submitting_2'] = false;}else if(!is_redirect){var confirmation_content = jQuery(this).contents().find('.GF_AJAX_POSTBACK').html();if(!confirmation_content){confirmation_content = contents;}jQuery('#gform_wrapper_2').replaceWith(confirmation_content);jQuery(document).trigger('gform_confirmation_loaded', [2]);window['gf_submitting_2'] = false;wp.a11y.speak(jQuery('#gform_confirmation_message_2').text());}else{jQuery('#gform_2').append(contents);if(window['gformRedirect']) {gformRedirect();}}jQuery(document).trigger(\"gform_pre_post_render\", [{ formId: \"2\", currentPage: \"current_page\", abort: function() { this.preventDefault(); } }]);        if (event && event.defaultPrevented) {                return;        }        const gformWrapperDiv = document.getElementById( \"gform_wrapper_2\" );        if ( gformWrapperDiv ) {            const visibilitySpan = document.createElement( \"span\" );            visibilitySpan.id = \"gform_visibility_test_2\";            gformWrapperDiv.insertAdjacentElement( \"afterend\", visibilitySpan );        }        const visibilityTestDiv = document.getElementById( \"gform_visibility_test_2\" );        let postRenderFired = false;        function triggerPostRender() {            if ( postRenderFired ) {                return;            }            postRenderFired = true;            gform.core.triggerPostRenderEvents( 2, current_page );            if ( visibilityTestDiv ) {                visibilityTestDiv.parentNode.removeChild( visibilityTestDiv );            }        }        function debounce( func, wait, immediate ) {            var timeout;            return function() {                var context = this, args = arguments;                var later = function() {                    timeout = null;                    if ( !immediate ) func.apply( context, args );                };                var callNow = immediate && !timeout;                clearTimeout( timeout );                timeout = setTimeout( later, wait );                if ( callNow ) func.apply( context, args );            };        }        const debouncedTriggerPostRender = debounce( function() {            triggerPostRender();        }, 200 );        if ( visibilityTestDiv && visibilityTestDiv.offsetParent === null ) {            const observer = new MutationObserver( ( mutations ) => {                mutations.forEach( ( mutation ) => {                    if ( mutation.type === 'attributes' && visibilityTestDiv.offsetParent !== null ) {                        debouncedTriggerPostRender();                        observer.disconnect();                    }                });            });            observer.observe( document.body, {                attributes: true,                childList: false,                subtree: true,                attributeFilter: [ 'style', 'class' ],            });        } else {            triggerPostRender();        }    } );} ); \n\/* ]]> *\/\n<\/script>\n\n","protected":false},"excerpt":{"rendered":"<p>Vous ne trouvez pas ce que vous cherchez dans nos offres d&#8217;emploi ? Nous sommes toujours \u00e0 la recherche de personnes talentueuses, d\u00e9sireuses d&rsquo;apprendre, ouvertes d&rsquo;esprit et dynamiques pour renforcer nos \u00e9quipes. Chez agap2, nous recrutons plus que des comp\u00e9tences&#8230;<\/p>\n","protected":false},"author":2,"featured_media":0,"parent":0,"menu_order":0,"comment_status":"closed","ping_status":"closed","template":"","meta":{"_acf_changed":false,"_seopress_robots_primary_cat":"","_seopress_titles_title":"","_seopress_titles_desc":"","_seopress_robots_index":"","footnotes":""},"class_list":["post-408","page","type-page","status-publish","hentry"],"acf":[],"lang":"fr","translations":{"fr":408,"en":404,"de":407},"pll_sync_post":[],"_links":{"self":[{"href":"https:\/\/agap2.com\/swiss\/wp-json\/wp\/v2\/pages\/408","targetHints":{"allow":["GET"]}}],"collection":[{"href":"https:\/\/agap2.com\/swiss\/wp-json\/wp\/v2\/pages"}],"about":[{"href":"https:\/\/agap2.com\/swiss\/wp-json\/wp\/v2\/types\/page"}],"author":[{"embeddable":true,"href":"https:\/\/agap2.com\/swiss\/wp-json\/wp\/v2\/users\/2"}],"replies":[{"embeddable":true,"href":"https:\/\/agap2.com\/swiss\/wp-json\/wp\/v2\/comments?post=408"}],"version-history":[{"count":7,"href":"https:\/\/agap2.com\/swiss\/wp-json\/wp\/v2\/pages\/408\/revisions"}],"predecessor-version":[{"id":1023,"href":"https:\/\/agap2.com\/swiss\/wp-json\/wp\/v2\/pages\/408\/revisions\/1023"}],"wp:attachment":[{"href":"https:\/\/agap2.com\/swiss\/wp-json\/wp\/v2\/media?parent=408"}],"curies":[{"name":"wp","href":"https:\/\/api.w.org\/{rel}","templated":true}]}}