{"id":487,"date":"2022-06-09T17:30:33","date_gmt":"2022-06-09T15:30:33","guid":{"rendered":"https:\/\/agap2.com\/spain\/?page_id=487"},"modified":"2022-09-21T15:31:03","modified_gmt":"2022-09-21T13:31:03","slug":"candidatura-espontanea","status":"publish","type":"page","link":"https:\/\/agap2.com\/spain\/candidatura-espontanea\/","title":{"rendered":"Candidatura espont\u00e1nea"},"content":{"rendered":"<h2>No encuentras lo que buscas<br \/>\nen <span class=\"text-secondary\">nuestras ofertas de trabajo<\/span> <span class=\"text-primary\">?<\/span><\/h2>\n<h4>Siempre buscamos personas con talento, con ganas de aprender, abiertas y din\u00e1micas para reforzar nuestros equipos.<\/h4>\n<p>En agap2, reclutamos algo m\u00e1s que habilidades t\u00e9cnicas, as\u00ed que no dude en enviarnos su solicitud no solicitada. La estudiaremos con mucho cuidado, como hacemos con todas las solicitudes que recibimos.<\/p>\n<h3><strong><span class=\"text-secondary\">Unirse a nosotros significa<\/span><span class=\"text-primary\">\u2026<\/span><\/strong><\/h3>\n<ul>\n<li><strong>Evolucionar regularmente<\/strong> en nuevos proyectos, descubrir nuevas profesiones y sectores, trabajar a nivel internacional, alcanzar r\u00e1pidamente puestos de responsabilidad&#8230;<\/li>\n<li><strong>Participar en el desarrollo de la empresa<\/strong>: identificaci\u00f3n de oportunidades, organizaci\u00f3n de eventos, contrataci\u00f3n de nuevos empleados&#8230;<\/li>\n<li><strong>Unirse a la aventura de agap2<\/strong> no es algo de lo que se pueda hablar, es algo que se vive cada d\u00eda en nuestras agencias y durante los numerosos eventos que se organizan cada mes.<\/li>\n<\/ul>\n<p>&nbsp;<\/p>\n<h3><strong><span class=\"text-secondary\">Env\u00edenos su candidatura espont\u00e1nea<span class=\"text-primary\">!<\/span><\/span><\/strong><\/h3>\n<script type=\"text\/javascript\">\n\/* <![CDATA[ *\/\nvar gform;gform||(document.addEventListener(\"gform_main_scripts_loaded\",function(){gform.scriptsLoaded=!0}),document.addEventListener(\"gform\/theme\/scripts_loaded\",function(){gform.themeScriptsLoaded=!0}),window.addEventListener(\"DOMContentLoaded\",function(){gform.domLoaded=!0}),gform={domLoaded:!1,scriptsLoaded:!1,themeScriptsLoaded:!1,isFormEditor:()=>\"function\"==typeof InitializeEditor,callIfLoaded:function(o){return!(!gform.domLoaded||!gform.scriptsLoaded||!gform.themeScriptsLoaded&&!gform.isFormEditor()||(gform.isFormEditor()&&console.warn(\"The use of gform.initializeOnLoaded() is deprecated in the form editor context and will be removed in Gravity Forms 3.1.\"),o(),0))},initializeOnLoaded:function(o){gform.callIfLoaded(o)||(document.addEventListener(\"gform_main_scripts_loaded\",()=>{gform.scriptsLoaded=!0,gform.callIfLoaded(o)}),document.addEventListener(\"gform\/theme\/scripts_loaded\",()=>{gform.themeScriptsLoaded=!0,gform.callIfLoaded(o)}),window.addEventListener(\"DOMContentLoaded\",()=>{gform.domLoaded=!0,gform.callIfLoaded(o)}))},hooks:{action:{},filter:{}},addAction:function(o,r,e,t){gform.addHook(\"action\",o,r,e,t)},addFilter:function(o,r,e,t){gform.addHook(\"filter\",o,r,e,t)},doAction:function(o){gform.doHook(\"action\",o,arguments)},applyFilters:function(o){return gform.doHook(\"filter\",o,arguments)},removeAction:function(o,r){gform.removeHook(\"action\",o,r)},removeFilter:function(o,r,e){gform.removeHook(\"filter\",o,r,e)},addHook:function(o,r,e,t,n){null==gform.hooks[o][r]&&(gform.hooks[o][r]=[]);var d=gform.hooks[o][r];null==n&&(n=r+\"_\"+d.length),gform.hooks[o][r].push({tag:n,callable:e,priority:t=null==t?10:t})},doHook:function(r,o,e){var t;if(e=Array.prototype.slice.call(e,1),null!=gform.hooks[r][o]&&((o=gform.hooks[r][o]).sort(function(o,r){return o.priority-r.priority}),o.forEach(function(o){\"function\"!=typeof(t=o.callable)&&(t=window[t]),\"action\"==r?t.apply(null,e):e[0]=t.apply(null,e)})),\"filter\"==r)return e[0]},removeHook:function(o,r,t,n){var e;null!=gform.hooks[o][r]&&(e=(e=gform.hooks[o][r]).filter(function(o,r,e){return!!(null!=n&&n!=o.tag||null!=t&&t!=o.priority)}),gform.hooks[o][r]=e)}});\n\/* ]]> *\/\n<\/script>\n\n                <div class='gf_browser_gecko gform_wrapper gravity-theme gform-theme--no-framework' data-form-theme='gravity-theme' data-form-index='0' id='gform_wrapper_4' >\n                        <div class='gform_heading'>\n                            <p class='gform_description'><\/p>\n\t\t\t\t\t\t\t<p class='gform_required_legend'>&quot;<span class=\"gfield_required gfield_required_asterisk\">*<\/span>&quot; se\u00f1ala los campos obligatorios<\/p>\n                        <\/div><form method='post' enctype='multipart\/form-data'  id='gform_4'  action='\/spain\/wp-json\/wp\/v2\/pages\/487\/' data-formid='4' novalidate>\n                        <div class='gform-body gform_body'><div id='gform_fields_4' class='gform_fields top_label form_sublabel_below description_below validation_below'><div id=\"field_4_9\" class=\"gfield gfield--type-honeypot gform_validation_container field_sublabel_below gfield--has-description field_description_below field_validation_below gfield_visibility_visible\"  ><!DOCTYPE html PUBLIC \"-\/\/W3C\/\/DTD HTML 4.0 Transitional\/\/EN\" \"http:\/\/www.w3.org\/TR\/REC-html40\/loose.dtd\">\n<?xml encoding=\"utf-8\" ?><html><body><label class=\" gfield_label gform-field-label\" for=\"input_4_9\">Email<\/label><div class=\"ginput_container\"><input name=\"input_9\" id=\"input_4_9\" type=\"text\" value=\"\" autocomplete=\"new-password\"><\/div><div class=\"gfield_description \" id=\"gfield_description_4_9\">Este campo es un campo de validaci&oacute;n y debe quedar sin cambios.<\/div><\/body><\/html>\n<\/div><fieldset id=\"field_4_1\" class=\"gfield gfield--type-name gfield--input-type-name gfield_contains_required field_sublabel_below gfield--no-description field_description_below field_validation_below gfield_visibility_visible\"  ><!DOCTYPE html PUBLIC \"-\/\/W3C\/\/DTD HTML 4.0 Transitional\/\/EN\" \"http:\/\/www.w3.org\/TR\/REC-html40\/loose.dtd\">\n<?xml encoding=\"utf-8\" ?><html><body><legend class=\"gfield_label gform-field-label gfield_label_before_complex\">Nombre<span class=\"gfield_required\"><span class=\"gfield_required gfield_required_asterisk\">*<\/span><\/span><\/legend><div class=\"ginput_complex ginput_container ginput_container--name no_prefix has_first_name no_middle_name has_last_name no_suffix gf_name_has_2 ginput_container_name gform-grid-row\" id=\"input_4_1\">\n                            \n                            <span id=\"input_4_1_3_container\" class=\"name_first gform-grid-col gform-grid-col--size-auto\">\n                                                    <input type=\"text\" name=\"input_1.3\" id=\"input_4_1_3\" value=\"\" aria-required=\"true\" class=\" form-control\" required=\"required\">\n                                                    <label for=\"input_4_1_3\" class=\"form-label gform-field-label gform-field-label--type-sub \">Nombre<\/label>\n                                                <\/span>\n                            \n                            <span id=\"input_4_1_6_container\" class=\"name_last gform-grid-col gform-grid-col--size-auto\">\n                                                    <input type=\"text\" name=\"input_1.6\" id=\"input_4_1_6\" value=\"\" aria-required=\"true\" class=\" form-control\" required=\"required\">\n                                                    <label for=\"input_4_1_6\" class=\"form-label gform-field-label gform-field-label--type-sub \">Apellido<\/label>\n                                                <\/span>\n                            \n                        <\/div><\/body><\/html>\n<\/fieldset><div id=\"field_4_2\" class=\"gfield gfield--type-email gfield--input-type-email gfield--width-half gfield_contains_required field_sublabel_below gfield--no-description field_description_below field_validation_below gfield_visibility_visible\"  ><!DOCTYPE html PUBLIC \"-\/\/W3C\/\/DTD HTML 4.0 Transitional\/\/EN\" \"http:\/\/www.w3.org\/TR\/REC-html40\/loose.dtd\">\n<?xml encoding=\"utf-8\" ?><html><body><label class=\"form-label gfield_label gform-field-label\" for=\"input_4_2\">E-mail<span class=\"gfield_required\"><span class=\"gfield_required gfield_required_asterisk\">*<\/span><\/span><\/label><div class=\"ginput_container ginput_container_email\">\n                            <input name=\"input_2\" id=\"input_4_2\" type=\"email\" value=\"\" class=\"large form-control\" aria-required=\"true\" aria-invalid=\"false\" required=\"required\">\n                        <\/div><\/body><\/html>\n<\/div><div id=\"field_4_5\" class=\"gfield gfield--type-phone gfield--input-type-phone gfield--width-half field_sublabel_below gfield--no-description field_description_below field_validation_below gfield_visibility_visible\"  ><!DOCTYPE html PUBLIC \"-\/\/W3C\/\/DTD HTML 4.0 Transitional\/\/EN\" \"http:\/\/www.w3.org\/TR\/REC-html40\/loose.dtd\">\n<?xml encoding=\"utf-8\" ?><html><body><label class=\"form-label gfield_label gform-field-label\" for=\"input_4_5\">Tel&eacute;fono<\/label><div class=\"ginput_container ginput_container_phone\"><input name=\"input_5\" id=\"input_4_5\" type=\"tel\" value=\"\" class=\"large form-control\" aria-invalid=\"false\"><\/div><\/body><\/html>\n<\/div><div id=\"field_4_3\" class=\"gfield gfield--type-textarea gfield--input-type-textarea gfield_contains_required field_sublabel_below gfield--no-description field_description_below field_validation_below gfield_visibility_visible\"  ><!DOCTYPE html PUBLIC \"-\/\/W3C\/\/DTD HTML 4.0 Transitional\/\/EN\" \"http:\/\/www.w3.org\/TR\/REC-html40\/loose.dtd\">\n<?xml encoding=\"utf-8\" ?><html><body><label class=\"form-label gfield_label gform-field-label\" for=\"input_4_3\">&iquest;Por qu&eacute; se presenta?<span class=\"gfield_required\"><span class=\"gfield_required gfield_required_asterisk\">*<\/span><\/span><\/label><div class=\"ginput_container ginput_container_textarea\"><textarea name=\"input_3\" id=\"input_4_3\" class=\"textarea large form-control\" aria-required=\"true\" aria-invalid=\"false\" rows=\"10\" cols=\"50\" required=\"required\"><\/textarea><\/div><\/body><\/html>\n<\/div><div id=\"field_4_6\" class=\"gfield gfield--type-fileupload gfield--input-type-fileupload gfield--width-full gfield_contains_required field_sublabel_below gfield--no-description field_description_below field_validation_below gfield_visibility_visible\"  ><!DOCTYPE html PUBLIC \"-\/\/W3C\/\/DTD HTML 4.0 Transitional\/\/EN\" \"http:\/\/www.w3.org\/TR\/REC-html40\/loose.dtd\">\n<?xml encoding=\"utf-8\" ?><html><body><label class=\" gfield_label gform-field-label\" for=\"gform_browse_button_4_6\">A&ntilde;ade tu cv<span class=\"gfield_required\"><span class=\"gfield_required gfield_required_asterisk\">*<\/span><\/span><\/label><div class=\"ginput_container ginput_container_fileupload\"><div id=\"gform_multifile_upload_4_6\" data-settings='{\"runtimes\":\"html5,flash,html4\",\"browse_button\":\"gform_browse_button_4_6\",\"container\":\"gform_multifile_upload_4_6\",\"drop_element\":\"gform_drag_drop_area_4_6\",\"filelist\":\"gform_preview_4_6\",\"unique_names\":true,\"file_data_name\":\"file\",\"url\":\"https:\\\/\\\/agap2.com\\\/spain\\\/?gf_page=c1c585f19355d55\",\"flash_swf_url\":\"https:\\\/\\\/agap2.com\\\/spain\\\/wp-includes\\\/js\\\/plupload\\\/plupload.flash.swf\",\"silverlight_xap_url\":\"https:\\\/\\\/agap2.com\\\/spain\\\/wp-includes\\\/js\\\/plupload\\\/plupload.silverlight.xap\",\"filters\":{\"mime_types\":[{\"title\":\"Archivos permitidos\",\"extensions\":\"pdf,doc,docx,odt\"}],\"max_file_size\":\"25165824b\"},\"multipart\":true,\"urlstream_upload\":false,\"multipart_params\":{\"form_id\":4,\"field_id\":6,\"_gform_file_upload_nonce_4_6\":\"7ddfeb9306\"},\"gf_vars\":{\"max_files\":0,\"message_id\":\"gform_multifile_messages_4_6\",\"disallowed_extensions\":[\"php\",\"asp\",\"aspx\",\"cmd\",\"csh\",\"bat\",\"html\",\"htm\",\"hta\",\"jar\",\"exe\",\"com\",\"js\",\"lnk\",\"htaccess\",\"phar\",\"phtml\",\"ps1\",\"ps2\",\"php3\",\"php4\",\"php5\",\"php6\",\"py\",\"rb\",\"tmp\"]}}' class=\"gform_fileupload_multifile\">\n\t\t\t\t\t\t\t\t\t\t<div id=\"gform_drag_drop_area_4_6\" class=\"gform_drop_area gform-theme-field-control\">\n\t\t\t\t\t\t\t\t\t\t\t<span class=\"gform_drop_instructions\">Suelta archivos aqu&iacute; o <\/span>\n\t\t\t\t\t\t\t\t\t\t\t<button type=\"button\" id=\"gform_browse_button_4_6\" class=\"button gform_button_select_files gform-theme-button gform-theme-button--control\" aria-describedby=\"gfield_upload_rules_4_6\">Selecciona archivos<\/button>\n\t\t\t\t\t\t\t\t\t\t<\/div>\n\t\t\t\t\t\t\t\t\t<\/div><span class=\"gfield_description gform_fileupload_rules\" id=\"gfield_upload_rules_4_6\">Tipos de archivos aceptados: pdf, doc, docx, odt, Tama&ntilde;o m&aacute;ximo de archivo: 24 MB.<\/span><ul class=\"validation_message--hidden-on-empty gform-ul-reset\" id=\"gform_multifile_messages_4_6\"><\/ul> <div id=\"gform_preview_4_6\" class=\"ginput_preview_list\"><\/div><\/div><\/body><\/html>\n<\/div><fieldset id=\"field_4_4\" class=\"gfield gfield--type-consent gfield--type-choice gfield--input-type-consent gfield_contains_required field_sublabel_below gfield--no-description field_description_below hidden_label field_validation_below gfield_visibility_visible\"  ><!DOCTYPE html PUBLIC \"-\/\/W3C\/\/DTD HTML 4.0 Transitional\/\/EN\" \"http:\/\/www.w3.org\/TR\/REC-html40\/loose.dtd\">\n<?xml encoding=\"utf-8\" ?><html><body><legend class=\"gfield_label gform-field-label gfield_label_before_complex\">Consent<span class=\"gfield_required\"><span class=\"gfield_required gfield_required_asterisk\">*<\/span><\/span><\/legend><div class=\"ginput_container ginput_container_consent\"><input name=\"input_4.1\" id=\"input_4_4_1\" type=\"checkbox\" value=\"1\" aria-required=\"true\" aria-invalid=\"false\" class=\" form-check-input\" required=\"required\"> <label class=\"form-check-label gform-field-label gform-field-label--type-inline gfield_consent_label\" for=\"input_4_4_1\">Estoy de acuerdo con la <a href=\"https:\/\/agap2.com\/spain\/privacy-policy\/\">pol&iacute;tica de privacidad<\/a>.<span class=\"gfield_required gfield_required_asterisk\">*<\/span><\/label><input type=\"hidden\" name=\"input_4.2\" value='Estoy de acuerdo con la &lt;a href=\"https:\/\/agap2.com\/spain\/privacy-policy\/\"&gt;pol&iacute;tica de privacidad&lt;\/a&gt;.' class=\"gform_hidden form-check-input\" required=\"required\"><input type=\"hidden\" name=\"input_4.3\" value=\"2\" class=\"gform_hidden form-check-input\" required=\"required\"><\/div><\/body><\/html>\n<\/fieldset><div id=\"field_4_8\" class=\"gfield gfield--type-turnstile gfield--input-type-turnstile gfield--width-full field_sublabel_below gfield--no-description field_description_below field_validation_below gfield_visibility_visible\"  ><!DOCTYPE html PUBLIC \"-\/\/W3C\/\/DTD HTML 4.0 Transitional\/\/EN\" \"http:\/\/www.w3.org\/TR\/REC-html40\/loose.dtd\">\n<?xml encoding=\"utf-8\" ?><html><body><div class=\"ginput_container ginput_container_turnstile\"><div class=\"cf-turnstile\" id=\"cf-turnstile_4\" data-js-turnstile data-response-field-name=\"cf-turnstile-response_4\" data-theme=\"auto\" data-size=\"\" data-sitekey=\"0x4AAAAAACIaU1Wjtpzu6nRK\"><\/div><\/div><\/body><\/html>\n<\/div><\/div><\/div>\n        <div class='gform-footer gform_footer top_label'> <button type=\"submit\" id=\"gform_submit_button_4\" class=\"gform_button button d-flex justify-content-center mx-auto btn btn-primary mt-5\" onclick=\"gform.submission.handleButtonClick(this);\" data-submission-type=\"submit\">Enviar<\/button> \n            <input type='hidden' class='gform_hidden' name='gform_submission_method' data-js='gform_submission_method_4' value='postback' \/>\n            <input type='hidden' class='gform_hidden' name='gform_theme' data-js='gform_theme_4' id='gform_theme_4' value='gravity-theme' \/>\n            <input type='hidden' class='gform_hidden' name='gform_style_settings' data-js='gform_style_settings_4' id='gform_style_settings_4' value='[]' \/>\n            <input type='hidden' class='gform_hidden' name='is_submit_4' value='1' \/>\n            <input type='hidden' class='gform_hidden' name='gform_submit' value='4' \/>\n            \n            <input type='hidden' class='gform_hidden' name='gform_currency' data-currency='EUR' value='bJAkzbPpsA70V8LECqez8Khgvr\/o0h7TaQevZP0i\/3SK1SRedociLNHyfPKOQ5FNHJpXtasEhvx2DMrRnxnkbZ13WT6lQ5lW11HeOhRMNbMN1Zc=' \/>\n            <input type='hidden' class='gform_hidden' name='gform_unique_id' value='' \/>\n            <input type='hidden' class='gform_hidden' name='state_4' value='WyJ7XCI0LjFcIjpcIjA3MzRmNGFkY2VhNzlmZDYxODc1ODY1ZWJhOTYyOTc1XCIsXCI0LjJcIjpcIjI4NzE2Yjc0M2Q0OGZlODRhNDI1OGYwMzYwYzNkMzQwXCIsXCI0LjNcIjpcIjNiMmQxMGE5ZmFjODZkYWRiMTkwMDM1YjlhMzc5N2VmXCJ9IiwiYTg1YTlkOTk5NDRlZjRhZjE3ODY1ZWRhZmI2ZTBhZWEiXQ==' \/>\n            <input type='hidden' autocomplete='off' class='gform_hidden' name='gform_target_page_number_4' id='gform_target_page_number_4' value='0' \/>\n            <input type='hidden' autocomplete='off' class='gform_hidden' name='gform_source_page_number_4' id='gform_source_page_number_4' value='1' \/>\n            <input type='hidden' name='gform_field_values' value='' \/>\n            <input type='hidden' name='gform_uploaded_files' id='gform_uploaded_files_4' value='' \/>\n        <\/div>\n                        <\/form>\n                        <\/div><script type=\"text\/javascript\">\n\/* <![CDATA[ *\/\n gform.initializeOnLoaded( function() {gformInitSpinner( 4, 'https:\/\/agap2.com\/spain\/wp-content\/plugins\/gravityforms\/images\/spinner.svg', true );jQuery('#gform_ajax_frame_4').on('load',function(){var contents = jQuery(this).contents().find('*').html();var is_postback = contents.indexOf('GF_AJAX_POSTBACK') >= 0;if(!is_postback){return;}var form_content = jQuery(this).contents().find('#gform_wrapper_4');var is_confirmation = jQuery(this).contents().find('#gform_confirmation_wrapper_4').length > 0;var is_redirect = contents.indexOf('gformRedirect(){') >= 0;var is_form = form_content.length > 0 && ! is_redirect && ! is_confirmation;var mt = parseInt(jQuery('html').css('margin-top'), 10) + parseInt(jQuery('body').css('margin-top'), 10) + 100;if(is_form){jQuery('#gform_wrapper_4').html(form_content.html());if(form_content.hasClass('gform_validation_error')){jQuery('#gform_wrapper_4').addClass('gform_validation_error');} else {jQuery('#gform_wrapper_4').removeClass('gform_validation_error');}setTimeout( function() { \/* delay the scroll by 50 milliseconds to fix a bug in chrome *\/  }, 50 );if(window['gformInitDatepicker']) {gformInitDatepicker();}if(window['gformInitPriceFields']) {gformInitPriceFields();}var current_page = jQuery('#gform_source_page_number_4').val();gformInitSpinner( 4, 'https:\/\/agap2.com\/spain\/wp-content\/plugins\/gravityforms\/images\/spinner.svg', true );jQuery(document).trigger('gform_page_loaded', [4, current_page]);window['gf_submitting_4'] = false;}else if(!is_redirect){var confirmation_content = jQuery(this).contents().find('.GF_AJAX_POSTBACK').html();if(!confirmation_content){confirmation_content = contents;}jQuery('#gform_wrapper_4').replaceWith(confirmation_content);jQuery(document).trigger('gform_confirmation_loaded', [4]);window['gf_submitting_4'] = false;wp.a11y.speak(jQuery('#gform_confirmation_message_4').text());}else{jQuery('#gform_4').append(contents);if(window['gformRedirect']) {gformRedirect();}}jQuery(document).trigger(\"gform_pre_post_render\", [{ formId: \"4\", currentPage: \"current_page\", abort: function() { this.preventDefault(); } }]);        if (event && event.defaultPrevented) {                return;        }        const gformWrapperDiv = document.getElementById( \"gform_wrapper_4\" );        if ( gformWrapperDiv ) {            const visibilitySpan = document.createElement( \"span\" );            visibilitySpan.id = \"gform_visibility_test_4\";            gformWrapperDiv.insertAdjacentElement( \"afterend\", visibilitySpan );        }        const visibilityTestDiv = document.getElementById( \"gform_visibility_test_4\" );        let postRenderFired = false;        function triggerPostRender() {            if ( postRenderFired ) {                return;            }            postRenderFired = true;            gform.core.triggerPostRenderEvents( 4, current_page );            if ( visibilityTestDiv ) {                visibilityTestDiv.parentNode.removeChild( visibilityTestDiv );            }        }        function debounce( func, wait, immediate ) {            var timeout;            return function() {                var context = this, args = arguments;                var later = function() {                    timeout = null;                    if ( !immediate ) func.apply( context, args );                };                var callNow = immediate && !timeout;                clearTimeout( timeout );                timeout = setTimeout( later, wait );                if ( callNow ) func.apply( context, args );            };        }        const debouncedTriggerPostRender = debounce( function() {            triggerPostRender();        }, 200 );        if ( visibilityTestDiv && visibilityTestDiv.offsetParent === null ) {            const observer = new MutationObserver( ( mutations ) => {                mutations.forEach( ( mutation ) => {                    if ( mutation.type === 'attributes' && visibilityTestDiv.offsetParent !== null ) {                        debouncedTriggerPostRender();                        observer.disconnect();                    }                });            });            observer.observe( document.body, {                attributes: true,                childList: false,                subtree: true,                attributeFilter: [ 'style', 'class' ],            });        } else {            triggerPostRender();        }    } );} ); \n\/* ]]> *\/\n<\/script>\n\n","protected":false},"excerpt":{"rendered":"<p>No encuentras lo que buscas en nuestras ofertas de trabajo ? Siempre buscamos personas con talento, con ganas de aprender, abiertas y din\u00e1micas para reforzar nuestros equipos. En agap2, reclutamos algo m\u00e1s que habilidades t\u00e9cnicas, as\u00ed que no dude en&#8230;<\/p>\n","protected":false},"author":2,"featured_media":0,"parent":0,"menu_order":0,"comment_status":"closed","ping_status":"closed","template":"","meta":{"_acf_changed":false,"_seopress_robots_primary_cat":"","_seopress_titles_title":"","_seopress_titles_desc":"","_seopress_robots_index":"","footnotes":""},"class_list":["post-487","page","type-page","status-publish","hentry"],"acf":[],"lang":"es","translations":{"es":487,"en":562},"pll_sync_post":[],"_links":{"self":[{"href":"https:\/\/agap2.com\/spain\/wp-json\/wp\/v2\/pages\/487","targetHints":{"allow":["GET"]}}],"collection":[{"href":"https:\/\/agap2.com\/spain\/wp-json\/wp\/v2\/pages"}],"about":[{"href":"https:\/\/agap2.com\/spain\/wp-json\/wp\/v2\/types\/page"}],"author":[{"embeddable":true,"href":"https:\/\/agap2.com\/spain\/wp-json\/wp\/v2\/users\/2"}],"replies":[{"embeddable":true,"href":"https:\/\/agap2.com\/spain\/wp-json\/wp\/v2\/comments?post=487"}],"version-history":[{"count":10,"href":"https:\/\/agap2.com\/spain\/wp-json\/wp\/v2\/pages\/487\/revisions"}],"predecessor-version":[{"id":1059,"href":"https:\/\/agap2.com\/spain\/wp-json\/wp\/v2\/pages\/487\/revisions\/1059"}],"wp:attachment":[{"href":"https:\/\/agap2.com\/spain\/wp-json\/wp\/v2\/media?parent=487"}],"curies":[{"name":"wp","href":"https:\/\/api.w.org\/{rel}","templated":true}]}}