{"id":712,"date":"2022-06-22T19:27:33","date_gmt":"2022-06-22T17:27:33","guid":{"rendered":"https:\/\/agap2.com\/germany\/?page_id=712"},"modified":"2022-11-18T10:44:42","modified_gmt":"2022-11-18T09:44:42","slug":"spontane-bewerbung","status":"publish","type":"page","link":"https:\/\/agap2.com\/germany\/spontane-bewerbung\/","title":{"rendered":"Spontane Bewerbung"},"content":{"rendered":"<h2>Du kannst in unseren Stellenangeboten nicht finden,<br \/>\n<span class=\"text-secondary\">was Du suchst<\/span> <span class=\"text-primary\">?<\/span><\/h2>\n<h4>Wir sind immer auf der Suche nach talentierten, wissbegierigen, aufgeschlossenen und dynamischen Menschen, die unsere Teams verst\u00e4rken.<\/h4>\n<p>Bei agap2 suchen wir mehr als nur technische F\u00e4higkeiten, also z\u00f6gert nicht, uns eure Spontanbewerbung zu schicken. Wir pr\u00fcfen jede Bewerbung mit gro\u00dfer Aufmerksamkeit.<\/p>\n<h3><strong><span class=\"text-secondary\">Bei uns mitzumachen bedeutet<\/span><span class=\"text-primary\">\u2026<\/span><\/strong><\/h3>\n<ul>\n<li><strong>Sich<\/strong> regelm\u00e4\u00dfig in neuen Projekten weiterzuentwickeln, neue Berufe und Sektoren zu entdecken, international zu arbeiten, schnell verantwortungsvolle Positionen zu erreichen&#8230;<\/li>\n<li><strong>An der Entwicklung<\/strong> des Unternehmens mitzuwirken: Chancen zu erkennen, Veranstaltungen zu organisieren, neue Mitarbeiter zu rekrutieren&#8230;<\/li>\n<li><strong>\u00dcber das Abenteuer agap2<\/strong> kann man nicht reden, man erlebt es jeden Tag in unseren Niederlassungen und bei den zahlreichen Veranstaltungen, die jeden Monat organisiert werden!<\/li>\n<\/ul>\n<h3><strong><span class=\"text-secondary\">Schicken Sie uns Ihre Spontanbewerbung<span class=\"&quot;text-primary\">!<\/span><\/span><\/strong><\/h3>\n<script type=\"text\/javascript\">\n\/* <![CDATA[ *\/\nvar gform;gform||(document.addEventListener(\"gform_main_scripts_loaded\",function(){gform.scriptsLoaded=!0}),document.addEventListener(\"gform\/theme\/scripts_loaded\",function(){gform.themeScriptsLoaded=!0}),window.addEventListener(\"DOMContentLoaded\",function(){gform.domLoaded=!0}),gform={domLoaded:!1,scriptsLoaded:!1,themeScriptsLoaded:!1,isFormEditor:()=>\"function\"==typeof InitializeEditor,callIfLoaded:function(o){return!(!gform.domLoaded||!gform.scriptsLoaded||!gform.themeScriptsLoaded&&!gform.isFormEditor()||(gform.isFormEditor()&&console.warn(\"The use of gform.initializeOnLoaded() is deprecated in the form editor context and will be removed in Gravity Forms 3.1.\"),o(),0))},initializeOnLoaded:function(o){gform.callIfLoaded(o)||(document.addEventListener(\"gform_main_scripts_loaded\",()=>{gform.scriptsLoaded=!0,gform.callIfLoaded(o)}),document.addEventListener(\"gform\/theme\/scripts_loaded\",()=>{gform.themeScriptsLoaded=!0,gform.callIfLoaded(o)}),window.addEventListener(\"DOMContentLoaded\",()=>{gform.domLoaded=!0,gform.callIfLoaded(o)}))},hooks:{action:{},filter:{}},addAction:function(o,r,e,t){gform.addHook(\"action\",o,r,e,t)},addFilter:function(o,r,e,t){gform.addHook(\"filter\",o,r,e,t)},doAction:function(o){gform.doHook(\"action\",o,arguments)},applyFilters:function(o){return gform.doHook(\"filter\",o,arguments)},removeAction:function(o,r){gform.removeHook(\"action\",o,r)},removeFilter:function(o,r,e){gform.removeHook(\"filter\",o,r,e)},addHook:function(o,r,e,t,n){null==gform.hooks[o][r]&&(gform.hooks[o][r]=[]);var d=gform.hooks[o][r];null==n&&(n=r+\"_\"+d.length),gform.hooks[o][r].push({tag:n,callable:e,priority:t=null==t?10:t})},doHook:function(r,o,e){var t;if(e=Array.prototype.slice.call(e,1),null!=gform.hooks[r][o]&&((o=gform.hooks[r][o]).sort(function(o,r){return o.priority-r.priority}),o.forEach(function(o){\"function\"!=typeof(t=o.callable)&&(t=window[t]),\"action\"==r?t.apply(null,e):e[0]=t.apply(null,e)})),\"filter\"==r)return e[0]},removeHook:function(o,r,t,n){var e;null!=gform.hooks[o][r]&&(e=(e=gform.hooks[o][r]).filter(function(o,r,e){return!!(null!=n&&n!=o.tag||null!=t&&t!=o.priority)}),gform.hooks[o][r]=e)}});\n\/* ]]> *\/\n<\/script>\n\n                <div class='gf_browser_gecko gform_wrapper gravity-theme gform-theme--no-framework' data-form-theme='gravity-theme' data-form-index='0' id='gform_wrapper_5' >\n                        <div class='gform_heading'>\n                            <h2 class=\"gform_title\">Spontaneous application Deutsch<\/h2>\n                            <p class='gform_description'><\/p>\n\t\t\t\t\t\t\t<p class='gform_required_legend'>\u201e<span class=\"gfield_required gfield_required_asterisk\">*<\/span>\u201c zeigt erforderliche Felder an<\/p>\n                        <\/div><form method='post' enctype='multipart\/form-data'  id='gform_5'  action='\/germany\/wp-json\/wp\/v2\/pages\/712\/' data-formid='5' novalidate>\n                        <div class='gform-body gform_body'><div id='gform_fields_5' class='gform_fields top_label form_sublabel_below description_below validation_below'><div id=\"field_5_9\" class=\"gfield gfield--type-honeypot gform_validation_container field_sublabel_below gfield--has-description field_description_below field_validation_below gfield_visibility_visible\"  ><!DOCTYPE html PUBLIC \"-\/\/W3C\/\/DTD HTML 4.0 Transitional\/\/EN\" \"http:\/\/www.w3.org\/TR\/REC-html40\/loose.dtd\">\n<?xml encoding=\"utf-8\" ?><html><body><label class=\" gfield_label gform-field-label\" for=\"input_5_9\">Facebook<\/label><div class=\"ginput_container\"><input name=\"input_9\" id=\"input_5_9\" type=\"text\" value=\"\" autocomplete=\"new-password\"><\/div><div class=\"gfield_description \" id=\"gfield_description_5_9\">Dieses Feld dient zur Validierung und sollte nicht ver&auml;ndert werden.<\/div><\/body><\/html>\n<\/div><fieldset id=\"field_5_1\" class=\"gfield gfield--type-name gfield--input-type-name gfield_contains_required field_sublabel_below gfield--no-description field_description_below field_validation_below gfield_visibility_visible\"  ><!DOCTYPE html PUBLIC \"-\/\/W3C\/\/DTD HTML 4.0 Transitional\/\/EN\" \"http:\/\/www.w3.org\/TR\/REC-html40\/loose.dtd\">\n<?xml encoding=\"utf-8\" ?><html><body><legend class=\"gfield_label gform-field-label gfield_label_before_complex\">Name<span class=\"gfield_required\"><span class=\"gfield_required gfield_required_asterisk\">*<\/span><\/span><\/legend><div class=\"ginput_complex ginput_container ginput_container--name no_prefix has_first_name no_middle_name has_last_name no_suffix gf_name_has_2 ginput_container_name gform-grid-row\" id=\"input_5_1\">\n                            \n                            <span id=\"input_5_1_3_container\" class=\"name_first gform-grid-col gform-grid-col--size-auto\">\n                                                    <input type=\"text\" name=\"input_1.3\" id=\"input_5_1_3\" value=\"\" aria-required=\"true\" class=\" form-control\" required=\"required\">\n                                                    <label for=\"input_5_1_3\" class=\"form-label gform-field-label gform-field-label--type-sub \">Vornamen<\/label>\n                                                <\/span>\n                            \n                            <span id=\"input_5_1_6_container\" class=\"name_last gform-grid-col gform-grid-col--size-auto\">\n                                                    <input type=\"text\" name=\"input_1.6\" id=\"input_5_1_6\" value=\"\" aria-required=\"true\" class=\" form-control\" required=\"required\">\n                                                    <label for=\"input_5_1_6\" class=\"form-label gform-field-label gform-field-label--type-sub \">Nachname<\/label>\n                                                <\/span>\n                            \n                        <\/div><\/body><\/html>\n<\/fieldset><div id=\"field_5_2\" class=\"gfield gfield--type-email gfield--input-type-email gfield--width-half gfield_contains_required field_sublabel_below gfield--no-description field_description_below field_validation_below gfield_visibility_visible\"  ><!DOCTYPE html PUBLIC \"-\/\/W3C\/\/DTD HTML 4.0 Transitional\/\/EN\" \"http:\/\/www.w3.org\/TR\/REC-html40\/loose.dtd\">\n<?xml encoding=\"utf-8\" ?><html><body><label class=\"form-label gfield_label gform-field-label\" for=\"input_5_2\">E-mail<span class=\"gfield_required\"><span class=\"gfield_required gfield_required_asterisk\">*<\/span><\/span><\/label><div class=\"ginput_container ginput_container_email\">\n                            <input name=\"input_2\" id=\"input_5_2\" type=\"email\" value=\"\" class=\"large form-control\" aria-required=\"true\" aria-invalid=\"false\" required=\"required\">\n                        <\/div><\/body><\/html>\n<\/div><div id=\"field_5_5\" class=\"gfield gfield--type-phone gfield--input-type-phone gfield--width-half field_sublabel_below gfield--no-description field_description_below field_validation_below gfield_visibility_visible\"  ><!DOCTYPE html PUBLIC \"-\/\/W3C\/\/DTD HTML 4.0 Transitional\/\/EN\" \"http:\/\/www.w3.org\/TR\/REC-html40\/loose.dtd\">\n<?xml encoding=\"utf-8\" ?><html><body><label class=\"form-label gfield_label gform-field-label\" for=\"input_5_5\">Telefon<\/label><div class=\"ginput_container ginput_container_phone\"><input name=\"input_5\" id=\"input_5_5\" type=\"tel\" value=\"\" class=\"large form-control\" aria-invalid=\"false\"><\/div><\/body><\/html>\n<\/div><div id=\"field_5_3\" class=\"gfield gfield--type-textarea gfield--input-type-textarea gfield_contains_required field_sublabel_below gfield--no-description field_description_below field_validation_below gfield_visibility_visible\"  ><!DOCTYPE html PUBLIC \"-\/\/W3C\/\/DTD HTML 4.0 Transitional\/\/EN\" \"http:\/\/www.w3.org\/TR\/REC-html40\/loose.dtd\">\n<?xml encoding=\"utf-8\" ?><html><body><label class=\"form-label gfield_label gform-field-label\" for=\"input_5_3\">Warum bewerben Sie sich?<span class=\"gfield_required\"><span class=\"gfield_required gfield_required_asterisk\">*<\/span><\/span><\/label><div class=\"ginput_container ginput_container_textarea\"><textarea name=\"input_3\" id=\"input_5_3\" class=\"textarea large form-control\" aria-required=\"true\" aria-invalid=\"false\" rows=\"10\" cols=\"50\" required=\"required\"><\/textarea><\/div><\/body><\/html>\n<\/div><div id=\"field_5_6\" class=\"gfield gfield--type-fileupload gfield--input-type-fileupload gfield--width-full gfield_contains_required field_sublabel_below gfield--no-description field_description_below field_validation_below gfield_visibility_visible\"  ><!DOCTYPE html PUBLIC \"-\/\/W3C\/\/DTD HTML 4.0 Transitional\/\/EN\" \"http:\/\/www.w3.org\/TR\/REC-html40\/loose.dtd\">\n<?xml encoding=\"utf-8\" ?><html><body><label class=\" gfield_label gform-field-label\" for=\"gform_browse_button_5_6\">F&uuml;gen Sie Ihren Lebenslauf hinzu<span class=\"gfield_required\"><span class=\"gfield_required gfield_required_asterisk\">*<\/span><\/span><\/label><div class=\"ginput_container ginput_container_fileupload\"><div id=\"gform_multifile_upload_5_6\" data-settings='{\"runtimes\":\"html5,flash,html4\",\"browse_button\":\"gform_browse_button_5_6\",\"container\":\"gform_multifile_upload_5_6\",\"drop_element\":\"gform_drag_drop_area_5_6\",\"filelist\":\"gform_preview_5_6\",\"unique_names\":true,\"file_data_name\":\"file\",\"url\":\"https:\\\/\\\/agap2.com\\\/germany\\\/?gf_page=166e29f980eba74\",\"flash_swf_url\":\"https:\\\/\\\/agap2.com\\\/germany\\\/wp-includes\\\/js\\\/plupload\\\/plupload.flash.swf\",\"silverlight_xap_url\":\"https:\\\/\\\/agap2.com\\\/germany\\\/wp-includes\\\/js\\\/plupload\\\/plupload.silverlight.xap\",\"filters\":{\"mime_types\":[{\"title\":\"Erlaubte Dateitypen\",\"extensions\":\"pdf,doc,docx,odt\"}],\"max_file_size\":\"25165824b\"},\"multipart\":true,\"urlstream_upload\":false,\"multipart_params\":{\"form_id\":5,\"field_id\":6,\"_gform_file_upload_nonce_5_6\":\"1b6c67d492\"},\"gf_vars\":{\"max_files\":0,\"message_id\":\"gform_multifile_messages_5_6\",\"disallowed_extensions\":[\"php\",\"asp\",\"aspx\",\"cmd\",\"csh\",\"bat\",\"html\",\"htm\",\"hta\",\"jar\",\"exe\",\"com\",\"js\",\"lnk\",\"htaccess\",\"phar\",\"phtml\",\"ps1\",\"ps2\",\"php3\",\"php4\",\"php5\",\"php6\",\"py\",\"rb\",\"tmp\"]}}' class=\"gform_fileupload_multifile\">\n\t\t\t\t\t\t\t\t\t\t<div id=\"gform_drag_drop_area_5_6\" class=\"gform_drop_area gform-theme-field-control\">\n\t\t\t\t\t\t\t\t\t\t\t<span class=\"gform_drop_instructions\">Ziehe Dateien hier her oder <\/span>\n\t\t\t\t\t\t\t\t\t\t\t<button type=\"button\" id=\"gform_browse_button_5_6\" class=\"button gform_button_select_files gform-theme-button gform-theme-button--control\" aria-describedby=\"gfield_upload_rules_5_6\">W&auml;hle Dateien aus<\/button>\n\t\t\t\t\t\t\t\t\t\t<\/div>\n\t\t\t\t\t\t\t\t\t<\/div><span class=\"gfield_description gform_fileupload_rules\" id=\"gfield_upload_rules_5_6\">Akzeptierte Dateitypen: pdf, doc, docx, odt, Max. Dateigr&ouml;&szlig;e: 24 MB.<\/span><ul class=\"validation_message--hidden-on-empty gform-ul-reset\" id=\"gform_multifile_messages_5_6\"><\/ul> <div id=\"gform_preview_5_6\" class=\"ginput_preview_list\"><\/div><\/div><\/body><\/html>\n<\/div><fieldset id=\"field_5_4\" class=\"gfield gfield--type-consent gfield--type-choice gfield--input-type-consent gfield_contains_required field_sublabel_below gfield--no-description field_description_below hidden_label field_validation_below gfield_visibility_visible\"  ><!DOCTYPE html PUBLIC \"-\/\/W3C\/\/DTD HTML 4.0 Transitional\/\/EN\" \"http:\/\/www.w3.org\/TR\/REC-html40\/loose.dtd\">\n<?xml encoding=\"utf-8\" ?><html><body><legend class=\"gfield_label gform-field-label gfield_label_before_complex\">Consent<span class=\"gfield_required\"><span class=\"gfield_required gfield_required_asterisk\">*<\/span><\/span><\/legend><div class=\"ginput_container ginput_container_consent\"><input name=\"input_4.1\" id=\"input_5_4_1\" type=\"checkbox\" value=\"1\" aria-required=\"true\" aria-invalid=\"false\" class=\" form-check-input\" required=\"required\"> <label class=\"form-check-label gform-field-label gform-field-label--type-inline gfield_consent_label\" for=\"input_5_4_1\">Ich stimme den <a href=\"https:\/\/agap2.com\/germany\/legal-notice\/\">Datenschutzbestimmungen zu.<\/a><span class=\"gfield_required gfield_required_asterisk\">*<\/span><\/label><input type=\"hidden\" name=\"input_4.2\" value='Ich stimme den &lt;a href=\"https:\/\/agap2.com\/germany\/legal-notice\/\"&gt;Datenschutzbestimmungen zu.&lt;\/a&gt;' class=\"gform_hidden form-check-input\" required=\"required\"><input type=\"hidden\" name=\"input_4.3\" value=\"4\" class=\"gform_hidden form-check-input\" required=\"required\"><\/div><\/body><\/html>\n<\/fieldset><div id=\"field_5_8\" class=\"gfield gfield--type-turnstile gfield--input-type-turnstile gfield--width-full field_sublabel_below gfield--no-description field_description_below field_validation_below gfield_visibility_visible\"  ><!DOCTYPE html PUBLIC \"-\/\/W3C\/\/DTD HTML 4.0 Transitional\/\/EN\" \"http:\/\/www.w3.org\/TR\/REC-html40\/loose.dtd\">\n<?xml encoding=\"utf-8\" ?><html><body><div class=\"ginput_container ginput_container_turnstile\"><div class=\"cf-turnstile\" id=\"cf-turnstile_5\" data-js-turnstile data-response-field-name=\"cf-turnstile-response_5\" data-theme=\"auto\" data-size=\"\" data-sitekey=\"0x4AAAAAACIaU1Wjtpzu6nRK\"><\/div><\/div><\/body><\/html>\n<\/div><\/div><\/div>\n        <div class='gform-footer gform_footer top_label'> <button type=\"submit\" id=\"gform_submit_button_5\" class=\"gform_button button d-flex justify-content-center mx-auto btn btn-primary mt-5\" onclick=\"gform.submission.handleButtonClick(this);\" data-submission-type=\"submit\">Senden Sie<\/button> \n            <input type='hidden' class='gform_hidden' name='gform_submission_method' data-js='gform_submission_method_5' value='postback' \/>\n            <input type='hidden' class='gform_hidden' name='gform_theme' data-js='gform_theme_5' id='gform_theme_5' value='gravity-theme' \/>\n            <input type='hidden' class='gform_hidden' name='gform_style_settings' data-js='gform_style_settings_5' id='gform_style_settings_5' value='[]' \/>\n            <input type='hidden' class='gform_hidden' name='is_submit_5' value='1' \/>\n            <input type='hidden' class='gform_hidden' name='gform_submit' value='5' \/>\n            \n            <input type='hidden' class='gform_hidden' name='gform_currency' data-currency='EUR' value='OqUGOqYfMcnb+6n4ura94Dg1QJmmznR5fyLVjDMV+6u\/7Rnz5trLAvNCyzTOX18fjy2eUx6fMehxHFWniJLgbQJwU1LzcrYnFSrHm430OOtLOl8=' \/>\n            <input type='hidden' class='gform_hidden' name='gform_unique_id' value='' \/>\n            <input type='hidden' class='gform_hidden' name='state_5' value='WyJ7XCI0LjFcIjpcIjA3MzRmNGFkY2VhNzlmZDYxODc1ODY1ZWJhOTYyOTc1XCIsXCI0LjJcIjpcIjI5NTA0YTkyZjY1ZGRkZmYzM2Y5YmIwYWI0MDRiYTA2XCIsXCI0LjNcIjpcIjYwMDI3ZjMzOGJlMjg5MGU4Y2UyOTVjYmFiNzE2OTkwXCJ9IiwiNDIxOGMzMGEwYzJmZWQ4Mzg3ZjEyMjEzM2M1YjI3ODUiXQ==' \/>\n            <input type='hidden' autocomplete='off' class='gform_hidden' name='gform_target_page_number_5' id='gform_target_page_number_5' value='0' \/>\n            <input type='hidden' autocomplete='off' class='gform_hidden' name='gform_source_page_number_5' id='gform_source_page_number_5' value='1' \/>\n            <input type='hidden' name='gform_field_values' value='' \/>\n            <input type='hidden' name='gform_uploaded_files' id='gform_uploaded_files_5' value='' \/>\n        <\/div>\n                        <\/form>\n                        <\/div><script type=\"text\/javascript\">\n\/* <![CDATA[ *\/\n gform.initializeOnLoaded( function() {gformInitSpinner( 5, 'https:\/\/agap2.com\/germany\/wp-content\/plugins\/gravityforms\/images\/spinner.svg', true );jQuery('#gform_ajax_frame_5').on('load',function(){var contents = jQuery(this).contents().find('*').html();var is_postback = contents.indexOf('GF_AJAX_POSTBACK') >= 0;if(!is_postback){return;}var form_content = jQuery(this).contents().find('#gform_wrapper_5');var is_confirmation = jQuery(this).contents().find('#gform_confirmation_wrapper_5').length > 0;var is_redirect = contents.indexOf('gformRedirect(){') >= 0;var is_form = form_content.length > 0 && ! is_redirect && ! is_confirmation;var mt = parseInt(jQuery('html').css('margin-top'), 10) + parseInt(jQuery('body').css('margin-top'), 10) + 100;if(is_form){jQuery('#gform_wrapper_5').html(form_content.html());if(form_content.hasClass('gform_validation_error')){jQuery('#gform_wrapper_5').addClass('gform_validation_error');} else {jQuery('#gform_wrapper_5').removeClass('gform_validation_error');}setTimeout( function() { \/* delay the scroll by 50 milliseconds to fix a bug in chrome *\/  }, 50 );if(window['gformInitDatepicker']) {gformInitDatepicker();}if(window['gformInitPriceFields']) {gformInitPriceFields();}var current_page = jQuery('#gform_source_page_number_5').val();gformInitSpinner( 5, 'https:\/\/agap2.com\/germany\/wp-content\/plugins\/gravityforms\/images\/spinner.svg', true );jQuery(document).trigger('gform_page_loaded', [5, current_page]);window['gf_submitting_5'] = false;}else if(!is_redirect){var confirmation_content = jQuery(this).contents().find('.GF_AJAX_POSTBACK').html();if(!confirmation_content){confirmation_content = contents;}jQuery('#gform_wrapper_5').replaceWith(confirmation_content);jQuery(document).trigger('gform_confirmation_loaded', [5]);window['gf_submitting_5'] = false;wp.a11y.speak(jQuery('#gform_confirmation_message_5').text());}else{jQuery('#gform_5').append(contents);if(window['gformRedirect']) {gformRedirect();}}jQuery(document).trigger(\"gform_pre_post_render\", [{ formId: \"5\", currentPage: \"current_page\", abort: function() { this.preventDefault(); } }]);        if (event && event.defaultPrevented) {                return;        }        const gformWrapperDiv = document.getElementById( \"gform_wrapper_5\" );        if ( gformWrapperDiv ) {            const visibilitySpan = document.createElement( \"span\" );            visibilitySpan.id = \"gform_visibility_test_5\";            gformWrapperDiv.insertAdjacentElement( \"afterend\", visibilitySpan );        }        const visibilityTestDiv = document.getElementById( \"gform_visibility_test_5\" );        let postRenderFired = false;        function triggerPostRender() {            if ( postRenderFired ) {                return;            }            postRenderFired = true;            gform.core.triggerPostRenderEvents( 5, current_page );            if ( visibilityTestDiv ) {                visibilityTestDiv.parentNode.removeChild( visibilityTestDiv );            }        }        function debounce( func, wait, immediate ) {            var timeout;            return function() {                var context = this, args = arguments;                var later = function() {                    timeout = null;                    if ( !immediate ) func.apply( context, args );                };                var callNow = immediate && !timeout;                clearTimeout( timeout );                timeout = setTimeout( later, wait );                if ( callNow ) func.apply( context, args );            };        }        const debouncedTriggerPostRender = debounce( function() {            triggerPostRender();        }, 200 );        if ( visibilityTestDiv && visibilityTestDiv.offsetParent === null ) {            const observer = new MutationObserver( ( mutations ) => {                mutations.forEach( ( mutation ) => {                    if ( mutation.type === 'attributes' && visibilityTestDiv.offsetParent !== null ) {                        debouncedTriggerPostRender();                        observer.disconnect();                    }                });            });            observer.observe( document.body, {                attributes: true,                childList: false,                subtree: true,                attributeFilter: [ 'style', 'class' ],            });        } else {            triggerPostRender();        }    } );} ); \n\/* ]]> *\/\n<\/script>\n\n","protected":false},"excerpt":{"rendered":"<p>Du kannst in unseren Stellenangeboten nicht finden, was Du suchst ? Wir sind immer auf der Suche nach talentierten, wissbegierigen, aufgeschlossenen und dynamischen Menschen, die unsere Teams verst\u00e4rken. Bei agap2 suchen wir mehr als nur technische F\u00e4higkeiten, also z\u00f6gert nicht,&#8230;<\/p>\n","protected":false},"author":2,"featured_media":0,"parent":0,"menu_order":0,"comment_status":"closed","ping_status":"closed","template":"","meta":{"_acf_changed":false,"_seopress_robots_primary_cat":"","_seopress_titles_title":"","_seopress_titles_desc":"","_seopress_robots_index":"","footnotes":""},"class_list":["post-712","page","type-page","status-publish","hentry"],"acf":[],"lang":"de","translations":{"de":712,"en":708},"pll_sync_post":[],"_links":{"self":[{"href":"https:\/\/agap2.com\/germany\/wp-json\/wp\/v2\/pages\/712","targetHints":{"allow":["GET"]}}],"collection":[{"href":"https:\/\/agap2.com\/germany\/wp-json\/wp\/v2\/pages"}],"about":[{"href":"https:\/\/agap2.com\/germany\/wp-json\/wp\/v2\/types\/page"}],"author":[{"embeddable":true,"href":"https:\/\/agap2.com\/germany\/wp-json\/wp\/v2\/users\/2"}],"replies":[{"embeddable":true,"href":"https:\/\/agap2.com\/germany\/wp-json\/wp\/v2\/comments?post=712"}],"version-history":[{"count":8,"href":"https:\/\/agap2.com\/germany\/wp-json\/wp\/v2\/pages\/712\/revisions"}],"predecessor-version":[{"id":1462,"href":"https:\/\/agap2.com\/germany\/wp-json\/wp\/v2\/pages\/712\/revisions\/1462"}],"wp:attachment":[{"href":"https:\/\/agap2.com\/germany\/wp-json\/wp\/v2\/media?parent=712"}],"curies":[{"name":"wp","href":"https:\/\/api.w.org\/{rel}","templated":true}]}}